{"id":47,"date":"2015-02-23T18:24:34","date_gmt":"2015-02-23T18:24:34","guid":{"rendered":"http:\/\/modellbau.infidelitas.eu\/?page_id=47"},"modified":"2015-03-05T22:01:35","modified_gmt":"2015-03-05T22:01:35","slug":"home","status":"publish","type":"page","link":"https:\/\/modellbau.infidelitas.eu\/","title":{"rendered":"Home"},"content":{"rendered":"<p style=\"text-align: center;\"><strong><span style=\"text-decoration: underline;\"><span style=\"font-size: 16pt; color: #800080; text-decoration: underline;\">Herzlich Willkommen auf\u00a0der\u00a0Seite<\/span><\/span><\/strong><\/p>\n<p style=\"text-align: center;\"><span style=\"text-decoration: underline; color: #800080; font-size: 12pt;\"><strong>von Thomas und Erwin Haider<\/strong><\/span><\/p>\n<p style=\"text-align: center;\">Vorwort<\/p>\n<p style=\"text-align: justify;\"><strong><strong>\u00a0<\/strong><\/strong><\/p>\n<p style=\"text-align: justify;\">Bereits im Kindesalter schenkten mir meine Eltern eine gebrauchte Modelleisenbahn. Den Transport der Kleinbahn Dampflok und einer Hand voll Waggons \u00fcbernahm ich nat\u00fcrlich selbst. Die Platte mit dem Schienenoval trugen wir, mangels Transportmittel, zu Fu\u00df nach Hause. Mit gro\u00dfer Begeisterung montierte ich ein paar zus\u00e4tzliche Schienen und w\u00fcnschte mir von meiner Tante eine rote 2060. Aus Platzmangel gab es keine Erweiterungsm\u00f6glichkeiten und so kam alles schon nach kurzer Zeit wieder in eine Schachtel.<\/p>\n<p style=\"text-align: justify;\"><strong><strong>\u00a0<\/strong><\/strong><\/p>\n<p style=\"text-align: justify;\">Die Begeisterung f\u00fcr die gro\u00dfe und die kleine Bahn war jedoch immer vorhanden und ist bis heute geblieben.<\/p>\n<p style=\"text-align: justify;\"><strong><strong>\u00a0<\/strong><\/strong><\/p>\n<p style=\"text-align: justify;\">\u00dcber Jahre, mittlerweile kann ich schon von Jahrzehnten sprechen, besuchte ich daher etliche Modellbaumessen und Ausstellungen und besch\u00e4ftigte mich sozusagen mit der \u201eTheorie\u201c. Auch gibt es im WWW ungeahnte M\u00f6glichkeiten, sich mit dem Thema \u201eBahn\u201c zu besch\u00e4ftigen und das \u00a0n\u00fctze ich auch ausgiebig. YouTube, Ebay und Co sind unersch\u00f6pfliche Quellen.<\/p>\n<p style=\"text-align: justify;\"><strong><strong>\u00a0<\/strong><\/strong><\/p>\n<p style=\"text-align: justify;\">Das Leben meinte es gut mit mir und f\u00fchrte mich eines Tages mit meiner lieben Frau zusammen. Mit Doris bekam ich viel Liebe, aber auch DEN Platz im Keller, in welchem nun die Modellbahn \u201ewachsen\u201c kann.<\/p>\n<p style=\"text-align: justify;\"><strong><strong>\u00a0<\/strong><\/strong><\/p>\n<p style=\"text-align: center;\">\u00dcber die laufenden Fortschritte informiert Euch ab sofort Thomas hier auf dieser Seite.<\/p>\n<p style=\"text-align: center;\">Viel Spa\u00df beim \u201eSchm\u00f6kern\u201c\u2026<\/p>\n<p style=\"text-align: center;\">Alles Liebe<\/p>\n<p style=\"text-align: center;\">Erwin<\/p>\n<p style=\"text-align: center;\"><span style=\"color: #ffffff;\">.<\/span><\/p>\n<p style=\"text-align: justify;\">PS: Tipps und Anregungen sind jederzeit gerne willkommen!<\/p>\n<p style=\"text-align: justify;\"><span style=\"color: #ffffff;\">.<\/span><\/p>\n<p style=\"text-align: left;\"><span style=\"color: #ffffff;\">.<\/span><\/p>\n<p style=\"text-align: justify;\">Schon vor vielen Jahren ist in mir der Gedanke aufgekommen eine Modelleisenbahn zu bauen. Wie das Leben so spielt hatte meine Frau da aber leider etwas dagegen. Darum habe ich diesen Traum hinten angestellt. Wenige Jahre sp\u00e4ter ist mir dann leider auch der Platz ausgegangen. Das Projekt verschwand in einer Schublade und verstaubte dort sch\u00f6n langsam.<\/p>\n<p style=\"text-align: justify;\">Vor etwa f\u00fcnf Jahren kam Erwin pl\u00f6tzlich mit der Idee, im Keller eine Eisenbahn zu bauen. Da war ich sofort Feuer und Flamme daf\u00fcr.<\/p>\n<p style=\"text-align: justify;\">Die Bastelei liegt bei uns in der Familie. Ich m\u00f6chte auf dieser Seite die Entstehung einer H0-Modelleisenbahn zeigen. Die ersten Gedanken bis zum fertigen Modell. Die Fertigung der Geb\u00e4ude, die Bemalung, Die Fehler und unsere Gedanken.<\/p>\n<p style=\"text-align: justify;\">Die Idee, eine Modellbahn zu bauen, entstand in etwa im Jahr 2000 und \u00fcber einen langen Zeitraum \u00fcber die Planung nicht hinaus gegangen. Doch schlie\u00dflich haben <span style=\"text-decoration: underline;\">wir<\/span>\u00a0\u00a0im J\u00e4nner 2014 mit dem Bau begonnen.<\/p>\n<p style=\"text-align: justify;\">Unser Hintergrund zu diesem Thema ist die Leidenschaft f\u00fcr die Eisenbahn. Das Bautechnische Wissen und das Analytische Verstehen als Technischer Zeichner, das Feingef\u00fchl als Krankenpfleger in der Kardiologischen Intervention. So wie die Freude daran etwas entstehen zu lassen. Die kreative Arbeit mit den unterschiedlichsten Werkstoffen. Die Erweiterung des Wissens in multiblen Bereichen wie der Holzbearbeitung, das Arbeiten mit Metall, Gips, Kunststoff,\u00a0Elektrik und Elektronik, Mechanik. Aber auch das Arbeiten mit Computer, Farben, Messer und Lineal. Die Erweiterung unserer Erfahrungen, vor allem in Bereichen die uns v\u00f6llig fremd sind. Wie die Elektrik und Elektronik oder die Holz- und Metall Bearbeitung.<\/p>\n<p style=\"text-align: justify;\">Ich Hoffe das ich f\u00fcr den einen oder anderen mit den gesammelten Erfahrungen eine Hilfe sein kann.<\/p>\n<p style=\"text-align: center;\">Allen anderen w\u00fcnsche ich viel Spass beim Lesen.<\/p>\n<p style=\"text-align: center;\">Thomas<\/p>\n","protected":false},"excerpt":{"rendered":"<p>Herzlich Willkommen auf\u00a0der\u00a0Seite von Thomas und Erwin Haider Vorwort \u00a0 Bereits im Kindesalter schenkten mir meine Eltern eine gebrauchte Modelleisenbahn. Den Transport der Kleinbahn Dampflok und einer Hand voll Waggons \u00fcbernahm ich nat\u00fcrlich selbst. Die Platte mit dem Schienenoval trugen wir, mangels Transportmittel, zu Fu\u00df nach Hause. Mit gro\u00dfer Begeisterung montierte ich ein paar zus\u00e4tzliche &hellip; <\/p>\n<p><a class=\"more-link btn\" href=\"https:\/\/modellbau.infidelitas.eu\/\">Weiterlesen<\/a><\/p>\n","protected":false},"author":2,"featured_media":0,"parent":0,"menu_order":0,"comment_status":"open","ping_status":"open","template":"","meta":{"footnotes":""},"class_list":["post-47","page","type-page","status-publish","hentry","nodate","item-wrap"],"_links":{"self":[{"href":"https:\/\/modellbau.infidelitas.eu\/index.php?rest_route=\/wp\/v2\/pages\/47","targetHints":{"allow":["GET"]}}],"collection":[{"href":"https:\/\/modellbau.infidelitas.eu\/index.php?rest_route=\/wp\/v2\/pages"}],"about":[{"href":"https:\/\/modellbau.infidelitas.eu\/index.php?rest_route=\/wp\/v2\/types\/page"}],"author":[{"embeddable":true,"href":"https:\/\/modellbau.infidelitas.eu\/index.php?rest_route=\/wp\/v2\/users\/2"}],"replies":[{"embeddable":true,"href":"https:\/\/modellbau.infidelitas.eu\/index.php?rest_route=%2Fwp%2Fv2%2Fcomments&post=47"}],"version-history":[{"count":11,"href":"https:\/\/modellbau.infidelitas.eu\/index.php?rest_route=\/wp\/v2\/pages\/47\/revisions"}],"predecessor-version":[{"id":273,"href":"https:\/\/modellbau.infidelitas.eu\/index.php?rest_route=\/wp\/v2\/pages\/47\/revisions\/273"}],"wp:attachment":[{"href":"https:\/\/modellbau.infidelitas.eu\/index.php?rest_route=%2Fwp%2Fv2%2Fmedia&parent=47"}],"curies":[{"name":"wp","href":"https:\/\/api.w.org\/{rel}","templated":true}]}}