{"id":21,"date":"2015-02-23T17:04:17","date_gmt":"2015-02-23T17:04:17","guid":{"rendered":"http:\/\/modellbau.infidelitas.eu\/?page_id=21"},"modified":"2025-12-21T11:03:40","modified_gmt":"2025-12-21T11:03:40","slug":"gebaeude","status":"publish","type":"page","link":"https:\/\/modellbau.infidelitas.eu\/?page_id=21","title":{"rendered":"Geb\u00e4ude"},"content":{"rendered":"<p style=\"text-align: justify;\">Entlang der Bahnstrecke stehen Geb\u00e4ude unterschiedlichster Art. Hier m\u00f6chte ich Euch Bauberichte der Geb\u00e4ude zur Verf\u00fcgung stellen die den Weg auf unsere Anlage finden werden oder gefunden haben. Die Baumaterialien sind vielf\u00e4ltig. Von Papier, Karton, Kunststoff, Metall, Aluminium, Holz, Draht und Gips ist eine Vielzahl an Materialien in Verwendung.<\/p>\n<p style=\"text-align: justify;\">Ein Cutter Messer mit Gerader Klinge, eines mit kurzer Klinge. Diverse Lineale zum Zeichnen. Stahllineal zum Schneiden, Bleistifte, Uhrmacher Schraubenzieher, Uhu Flinke Falsche, Pinsel, Acryl-Farben, Weissleim, Verschiedene Zwirne. Nur um einige der Verwendeten Materialien und Werkzeuge zu nennen.<\/p>\n<ol>\n<li style=\"text-align: justify;\"><span style=\"font-size: 12pt;\"><a title=\"Ein G\u00fcterschuppen entsteht\" href=\"https:\/\/modellbau.infidelitas.eu\/?p=220\">Der G\u00fcterschuppen<\/a><\/span><\/li>\n<li style=\"text-align: justify;\"><span style=\"font-size: 12pt;\"><a title=\"Der Kohlenschuppen\" href=\"https:\/\/modellbau.infidelitas.eu\/?p=235\">Der Kohlenschuppen<\/a><\/span><\/li>\n<li style=\"text-align: justify;\"><span style=\"font-size: 12pt;\"><a title=\"Die Laderampe\" href=\"https:\/\/modellbau.infidelitas.eu\/?p=309\">Die Laderampe<\/a><\/span><\/li>\n<li style=\"text-align: justify;\"><span style=\"font-size: 12pt;\"><a href=\"https:\/\/modellbau.infidelitas.eu\/?p=381\">Das Gartenh\u00e4uschen<\/a><\/span><\/li>\n<li style=\"text-align: justify;\"><span style=\"font-size: 12pt;\"><a href=\"https:\/\/modellbau.infidelitas.eu\/?p=406\">Wasserstation<\/a><\/span><\/li>\n<li style=\"text-align: justify;\"><a href=\"https:\/\/modellbau.infidelitas.eu\/?p=564\"><span style=\"font-size: 12pt;\">Bahnhof Stainz (Update 12.2025)<\/span><\/a><\/li>\n<li><a href=\"https:\/\/modellbau.infidelitas.eu\/?p=695\">Rechbergh\u00fctte<\/a><\/li>\n<li><a href=\"https:\/\/modellbau.infidelitas.eu\/?p=719\">Reihenh\u00e4user<\/a><\/li>\n<\/ol>\n","protected":false},"excerpt":{"rendered":"<p>Entlang der Bahnstrecke stehen Geb\u00e4ude unterschiedlichster Art. Hier m\u00f6chte ich Euch Bauberichte der Geb\u00e4ude zur Verf\u00fcgung stellen die den Weg auf unsere Anlage finden werden oder gefunden haben. Die Baumaterialien sind vielf\u00e4ltig. Von Papier, Karton, Kunststoff, Metall, Aluminium, Holz, Draht und Gips ist eine Vielzahl an Materialien in Verwendung. Ein Cutter Messer mit Gerader Klinge, &hellip; <\/p>\n<p><a class=\"more-link btn\" href=\"https:\/\/modellbau.infidelitas.eu\/?page_id=21\">Weiterlesen<\/a><\/p>\n","protected":false},"author":2,"featured_media":0,"parent":0,"menu_order":0,"comment_status":"open","ping_status":"open","template":"","meta":{"footnotes":""},"class_list":["post-21","page","type-page","status-publish","hentry","nodate","item-wrap"],"_links":{"self":[{"href":"https:\/\/modellbau.infidelitas.eu\/index.php?rest_route=\/wp\/v2\/pages\/21","targetHints":{"allow":["GET"]}}],"collection":[{"href":"https:\/\/modellbau.infidelitas.eu\/index.php?rest_route=\/wp\/v2\/pages"}],"about":[{"href":"https:\/\/modellbau.infidelitas.eu\/index.php?rest_route=\/wp\/v2\/types\/page"}],"author":[{"embeddable":true,"href":"https:\/\/modellbau.infidelitas.eu\/index.php?rest_route=\/wp\/v2\/users\/2"}],"replies":[{"embeddable":true,"href":"https:\/\/modellbau.infidelitas.eu\/index.php?rest_route=%2Fwp%2Fv2%2Fcomments&post=21"}],"version-history":[{"count":15,"href":"https:\/\/modellbau.infidelitas.eu\/index.php?rest_route=\/wp\/v2\/pages\/21\/revisions"}],"predecessor-version":[{"id":750,"href":"https:\/\/modellbau.infidelitas.eu\/index.php?rest_route=\/wp\/v2\/pages\/21\/revisions\/750"}],"wp:attachment":[{"href":"https:\/\/modellbau.infidelitas.eu\/index.php?rest_route=%2Fwp%2Fv2%2Fmedia&parent=21"}],"curies":[{"name":"wp","href":"https:\/\/api.w.org\/{rel}","templated":true}]}}